{"id":240,"date":"2023-01-13T11:32:56","date_gmt":"2023-01-13T10:32:56","guid":{"rendered":"https:\/\/aucoeurducouple.com\/?page_id=240"},"modified":"2023-02-03T16:10:36","modified_gmt":"2023-02-03T15:10:36","slug":"mentions-legales","status":"publish","type":"page","link":"https:\/\/lecoeurducouple.fr\/index.php\/mentions-legales\/","title":{"rendered":"Mentions l\u00e9gales"},"content":{"rendered":"\t\t<div data-elementor-type=\"wp-page\" data-elementor-id=\"240\" class=\"elementor elementor-240\">\n\t\t\t\t\t\t<section class=\"elementor-section elementor-top-section elementor-element elementor-element-a40379b elementor-section-boxed elementor-section-height-default elementor-section-height-default\" data-id=\"a40379b\" data-element_type=\"section\" data-e-type=\"section\" data-settings=\"{&quot;background_background&quot;:&quot;classic&quot;}\">\n\t\t\t\t\t\t<div class=\"elementor-container elementor-column-gap-default\">\n\t\t\t\t\t<div class=\"elementor-column elementor-col-100 elementor-top-column elementor-element elementor-element-daae07c\" data-id=\"daae07c\" data-element_type=\"column\" data-e-type=\"column\">\n\t\t\t<div class=\"elementor-widget-wrap elementor-element-populated\">\n\t\t\t\t\t\t<div class=\"elementor-element elementor-element-5297534 elementor-widget elementor-widget-spacer\" data-id=\"5297534\" data-element_type=\"widget\" data-e-type=\"widget\" data-widget_type=\"spacer.default\">\n\t\t\t\t<div class=\"elementor-widget-container\">\n\t\t\t\t\t\t\t<div class=\"elementor-spacer\">\n\t\t\t<div class=\"elementor-spacer-inner\"><\/div>\n\t\t<\/div>\n\t\t\t\t\t\t<\/div>\n\t\t\t\t<\/div>\n\t\t\t\t<div class=\"elementor-element elementor-element-309d5ad elementor-widget elementor-widget-heading\" data-id=\"309d5ad\" data-element_type=\"widget\" data-e-type=\"widget\" data-widget_type=\"heading.default\">\n\t\t\t\t<div class=\"elementor-widget-container\">\n\t\t\t\t\t<h2 class=\"elementor-heading-title elementor-size-default\">MENTIONS LEGALES<\/h2>\t\t\t\t<\/div>\n\t\t\t\t<\/div>\n\t\t\t\t<div class=\"elementor-element elementor-element-a847321 elementor-widget elementor-widget-spacer\" data-id=\"a847321\" data-element_type=\"widget\" data-e-type=\"widget\" data-widget_type=\"spacer.default\">\n\t\t\t\t<div class=\"elementor-widget-container\">\n\t\t\t\t\t\t\t<div class=\"elementor-spacer\">\n\t\t\t<div class=\"elementor-spacer-inner\"><\/div>\n\t\t<\/div>\n\t\t\t\t\t\t<\/div>\n\t\t\t\t<\/div>\n\t\t\t\t<div class=\"elementor-element elementor-element-950a424 elementor-widget elementor-widget-text-editor\" data-id=\"950a424\" data-element_type=\"widget\" data-e-type=\"widget\" data-widget_type=\"text-editor.default\">\n\t\t\t\t<div class=\"elementor-widget-container\">\n\t\t\t\t\t\t\t\t\t<p>En vigueur au 13\/01\/2023<\/p><p>Conform\u00e9ment aux dispositions des Articles 6-III et 19 de la Loi n\u00b02004-575 du 21 juin 2004 pour la Confiance dans l\u2019\u00e9conomie num\u00e9rique, dite L.C.E.N., il est port\u00e9 \u00e0 la connaissance des Utilisateurs du site www.aucoeurducouple.com,\u00a0<span style=\"background-color: var( --e-global-color-92e2bed ); letter-spacing: 0px;\">les pr\u00e9sentes mentions l\u00e9gales.<\/span><\/p><p>La connexion et la navigation sur le site LE COEUR DU COUPLE par l\u2019Utilisateur implique acceptation int\u00e9grale et sans r\u00e9serve des pr\u00e9sentes mentions l\u00e9gales.<\/p><p>Ces derni\u00e8res sont accessibles sur le site \u00e0 la rubrique \u00ab Mentions l\u00e9gales \u00bb.<\/p><p>\u00a0<\/p><p><u>ARTICLE 1 : L\u2019\u00e9diteur<\/u><\/p><p>\u00a0<\/p><p>L\u2019\u00e9dition et la direction de la publication du site www.aucoeurducouple.com est assur\u00e9e par :<\/p><p>\u00a0WATTELAR Sabine demeurant lieu dit la Cour\u00e9e 86320 PERSAC , num\u00e9ro de SIRET :\u00a081014392500016<\/p><p>Ce site a \u00e9t\u00e9 con\u00e7u par l&rsquo;Etabli Graphik &#8211; www.etabli-graphik.fr<\/p><p>\u00a0<\/p><p><u>ARTICLE 2 : L\u2019h\u00e9bergeur<\/u><\/p><p>\u00a0<\/p><p>L&rsquo;h\u00e9bergeur du site www.aucoeurducouple.com est la Soci\u00e9t\u00e9 GANDHI.NET, dont le si\u00e8ge social est situ\u00e9\u00a0<\/p><p><span style=\"background-color: var( --e-global-color-92e2bed ); letter-spacing: 0px;\">\u00a0Gandi SAS<\/span><\/p><p><span style=\"background-color: var( --e-global-color-92e2bed ); letter-spacing: 0px;\">63-65 boulevard Mass\u00e9na<\/span><\/p><p>75013 Paris<\/p><p><span style=\"background-color: var( --e-global-color-92e2bed ); letter-spacing: 0px;\">France<\/span><\/p><p>\u00a0<\/p><p><u>ARTICLE 3 : Acc\u00e8s au site<\/u><\/p><p>\u00a0<\/p><p>Le site est accessible par tout endroit, 7j\/7, 24h\/24 sauf cas de force majeure, interruption programm\u00e9e ou non et pouvant d\u00e9coulant d\u2019une n\u00e9cessit\u00e9 de maintenance.<\/p><p>En cas de modification, interruption ou suspension des services le site www.aucoeurducouple.com ne saurait \u00eatre tenu responsable.<\/p><p>\u00a0<\/p><p><u>ARTICLE 4 : Collecte des donn\u00e9es<\/u><\/p><p>\u00a0<\/p><p>Le site est exempt\u00e9 de d\u00e9claration \u00e0 la Commission Nationale Informatique et Libert\u00e9s (CNIL) dans la mesure o\u00f9 il ne collecte aucune donn\u00e9e concernant les utilisateurs.<\/p><p>\u00a0<\/p><p><u>ARTICLE 5 : Cookies<\/u><\/p><p>\u00a0<\/p><p>L\u2019Utilisateur est inform\u00e9 que lors de ses visites sur le site, un cookie peut s\u2019installer automatiquement sur son logiciel de navigation.<\/p><p>En naviguant sur le site, il les accepte.<\/p><p>Un cookie est un \u00e9l\u00e9ment qui ne permet pas d\u2019identifier l\u2019Utilisateur mais sert \u00e0 enregistrer des informations relatives \u00e0 la navigation de celui-ci sur le site Internet. L\u2019Utilisateur pourra d\u00e9sactiver ce cookie par l\u2019interm\u00e9diaire des param\u00e8tres figurant au sein de son logiciel de navigation.<\/p><p>\u00a0<\/p><p><u>ARTICLE 6 : Propri\u00e9t\u00e9 intellectuelle<\/u><\/p><p>\u00a0<\/p><p>Toute utilisation, reproduction, diffusion, commercialisation, modification de toute ou partie du site www.aucoeurducouple.com,\u00a0 sans autorisation de l\u2019Editeur est prohib\u00e9e et pourra entra\u00een\u00e9e des actions et poursuites judiciaires telles que notamment pr\u00e9vues par le Code de la propri\u00e9t\u00e9 intellectuelle et le Code civil.<\/p><p>Les photos sont issus de la banque de donn\u00e9es libre de droit : Pexel. Les illustrations sont la propri\u00e9t\u00e9 de<span style=\"text-decoration: underline;\"> YONNET Lucie<\/span> :\u00a0 www.lucieyonnet.com 86320\u00a0<\/p><p>\u00a0<\/p>\t\t\t\t\t\t\t\t<\/div>\n\t\t\t\t<\/div>\n\t\t\t\t\t<\/div>\n\t\t<\/div>\n\t\t\t\t\t<\/div>\n\t\t<\/section>\n\t\t\t\t<\/div>\n\t\t","protected":false},"excerpt":{"rendered":"<p>MENTIONS LEGALES En vigueur au 13\/01\/2023 Conform\u00e9ment aux dispositions des Articles 6-III et 19 de la Loi n\u00b02004-575 du 21 juin 2004 pour la Confiance dans l\u2019\u00e9conomie num\u00e9rique, dite L.C.E.N., il est port\u00e9 \u00e0 la connaissance des Utilisateurs du site www.aucoeurducouple.com,&nbsp;les pr\u00e9sentes mentions l\u00e9gales. La connexion et la navigation sur le site LE COEUR DU COUPLE par l\u2019Utilisateur implique acceptation int\u00e9grale et sans r\u00e9serve des pr\u00e9sentes mentions l\u00e9gales. Ces derni\u00e8res sont accessibles sur le site \u00e0 la rubrique \u00ab Mentions l\u00e9gales \u00bb. ARTICLE 1 : L\u2019\u00e9diteur L\u2019\u00e9dition et la direction de la publication du site www.aucoeurducouple.com est assur\u00e9e par : &nbsp;WATTELAR Sabine demeurant lieu dit la Cour\u00e9e 86320 PERSAC , num\u00e9ro de SIRET :&nbsp;81014392500016 Ce site a \u00e9t\u00e9 con\u00e7u par l&rsquo;Etabli Graphik &#8211; www.etabli-graphik.fr ARTICLE 2 : L\u2019h\u00e9bergeur L&rsquo;h\u00e9bergeur du site www.aucoeurducouple.com est la Soci\u00e9t\u00e9 GANDHI.NET, dont le si\u00e8ge social est situ\u00e9&nbsp; &nbsp;Gandi SAS 63-65 boulevard Mass\u00e9na 75013 Paris France ARTICLE 3 : Acc\u00e8s au site Le site est accessible par tout endroit, 7j\/7, 24h\/24 sauf cas de force majeure, interruption programm\u00e9e ou non et pouvant d\u00e9coulant d\u2019une n\u00e9cessit\u00e9 de maintenance. En cas de modification, interruption ou suspension des services le site www.aucoeurducouple.com ne saurait \u00eatre tenu responsable. ARTICLE 4 : Collecte des donn\u00e9es Le site est exempt\u00e9 de d\u00e9claration \u00e0 la Commission Nationale Informatique et Libert\u00e9s (CNIL) dans la mesure o\u00f9 il ne collecte aucune donn\u00e9e concernant les utilisateurs. ARTICLE 5 : Cookies L\u2019Utilisateur est inform\u00e9 que lors de ses visites sur le site, un cookie peut s\u2019installer automatiquement sur son logiciel de navigation. En naviguant sur le site, il les accepte. Un cookie est un \u00e9l\u00e9ment qui ne permet pas d\u2019identifier l\u2019Utilisateur mais sert \u00e0 enregistrer des informations relatives \u00e0 la navigation de celui-ci sur le site Internet. L\u2019Utilisateur pourra d\u00e9sactiver ce cookie par l\u2019interm\u00e9diaire des param\u00e8tres figurant au sein de son logiciel de navigation. ARTICLE 6 : Propri\u00e9t\u00e9 intellectuelle Toute utilisation, reproduction, diffusion, commercialisation, modification de toute ou partie du site www.aucoeurducouple.com,&nbsp; sans autorisation de l\u2019Editeur est prohib\u00e9e et pourra entra\u00een\u00e9e des actions et poursuites judiciaires telles que notamment pr\u00e9vues par le Code de la propri\u00e9t\u00e9 intellectuelle et le Code civil. Les photos sont issus de la banque de donn\u00e9es libre de droit : Pexel. Les illustrations sont la propri\u00e9t\u00e9 de YONNET Lucie :&nbsp; www.lucieyonnet.com 86320&nbsp;<\/p>\n","protected":false},"author":1,"featured_media":0,"parent":0,"menu_order":0,"comment_status":"closed","ping_status":"closed","template":"elementor_header_footer","meta":{"footnotes":""},"class_list":["post-240","page","type-page","status-publish","hentry"],"yoast_head":"<!-- This site is optimized with the Yoast SEO plugin v27.5 - https:\/\/yoast.com\/product\/yoast-seo-wordpress\/ -->\n<title>mentions legales coeur couple stage<\/title>\n<meta name=\"description\" content=\"Les mentions l\u00e9gales du site Le coeur du couple sp\u00e9cialiste de la th\u00e9rapie et accompagnement du couple par le biais de stage.\" \/>\n<meta name=\"robots\" content=\"index, follow, max-snippet:-1, max-image-preview:large, max-video-preview:-1\" \/>\n<link rel=\"canonical\" href=\"https:\/\/lecoeurducouple.fr\/index.php\/mentions-legales\/\" \/>\n<meta property=\"og:locale\" content=\"fr_FR\" \/>\n<meta property=\"og:type\" content=\"article\" \/>\n<meta property=\"og:title\" content=\"mentions legales coeur couple stage\" \/>\n<meta property=\"og:description\" content=\"Les mentions l\u00e9gales du site Le coeur du couple sp\u00e9cialiste de la th\u00e9rapie et accompagnement du couple par le biais de stage.\" \/>\n<meta property=\"og:url\" content=\"https:\/\/lecoeurducouple.fr\/index.php\/mentions-legales\/\" \/>\n<meta property=\"og:site_name\" content=\"Le coeur du couple\" \/>\n<meta property=\"article:modified_time\" content=\"2023-02-03T15:10:36+00:00\" \/>\n<meta name=\"twitter:card\" content=\"summary_large_image\" \/>\n<meta name=\"twitter:label1\" content=\"Dur\u00e9e de lecture estim\u00e9e\" \/>\n\t<meta name=\"twitter:data1\" content=\"2 minutes\" \/>\n<script type=\"application\/ld+json\" class=\"yoast-schema-graph\">{\"@context\":\"https:\\\/\\\/schema.org\",\"@graph\":[{\"@type\":\"WebPage\",\"@id\":\"https:\\\/\\\/lecoeurducouple.fr\\\/index.php\\\/mentions-legales\\\/\",\"url\":\"https:\\\/\\\/lecoeurducouple.fr\\\/index.php\\\/mentions-legales\\\/\",\"name\":\"mentions legales coeur couple stage\",\"isPartOf\":{\"@id\":\"https:\\\/\\\/lecoeurducouple.fr\\\/#website\"},\"datePublished\":\"2023-01-13T10:32:56+00:00\",\"dateModified\":\"2023-02-03T15:10:36+00:00\",\"description\":\"Les mentions l\u00e9gales du site Le coeur du couple sp\u00e9cialiste de la th\u00e9rapie et accompagnement du couple par le biais de stage.\",\"breadcrumb\":{\"@id\":\"https:\\\/\\\/lecoeurducouple.fr\\\/index.php\\\/mentions-legales\\\/#breadcrumb\"},\"inLanguage\":\"fr-FR\",\"potentialAction\":[{\"@type\":\"ReadAction\",\"target\":[\"https:\\\/\\\/lecoeurducouple.fr\\\/index.php\\\/mentions-legales\\\/\"]}]},{\"@type\":\"BreadcrumbList\",\"@id\":\"https:\\\/\\\/lecoeurducouple.fr\\\/index.php\\\/mentions-legales\\\/#breadcrumb\",\"itemListElement\":[{\"@type\":\"ListItem\",\"position\":1,\"name\":\"Accueil\",\"item\":\"https:\\\/\\\/lecoeurducouple.fr\\\/\"},{\"@type\":\"ListItem\",\"position\":2,\"name\":\"Mentions l\u00e9gales\"}]},{\"@type\":\"WebSite\",\"@id\":\"https:\\\/\\\/lecoeurducouple.fr\\\/#website\",\"url\":\"https:\\\/\\\/lecoeurducouple.fr\\\/\",\"name\":\"Le coeur du couple\",\"description\":\"\",\"publisher\":{\"@id\":\"https:\\\/\\\/lecoeurducouple.fr\\\/#organization\"},\"potentialAction\":[{\"@type\":\"SearchAction\",\"target\":{\"@type\":\"EntryPoint\",\"urlTemplate\":\"https:\\\/\\\/lecoeurducouple.fr\\\/?s={search_term_string}\"},\"query-input\":{\"@type\":\"PropertyValueSpecification\",\"valueRequired\":true,\"valueName\":\"search_term_string\"}}],\"inLanguage\":\"fr-FR\"},{\"@type\":\"Organization\",\"@id\":\"https:\\\/\\\/lecoeurducouple.fr\\\/#organization\",\"name\":\"Le coeur du couple\",\"url\":\"https:\\\/\\\/lecoeurducouple.fr\\\/\",\"logo\":{\"@type\":\"ImageObject\",\"inLanguage\":\"fr-FR\",\"@id\":\"https:\\\/\\\/lecoeurducouple.fr\\\/#\\\/schema\\\/logo\\\/image\\\/\",\"url\":\"https:\\\/\\\/lecoeurducouple.fr\\\/wp-content\\\/uploads\\\/2023\\\/01\\\/Fichier-2.png\",\"contentUrl\":\"https:\\\/\\\/lecoeurducouple.fr\\\/wp-content\\\/uploads\\\/2023\\\/01\\\/Fichier-2.png\",\"width\":1055,\"height\":1298,\"caption\":\"Le coeur du couple\"},\"image\":{\"@id\":\"https:\\\/\\\/lecoeurducouple.fr\\\/#\\\/schema\\\/logo\\\/image\\\/\"}}]}<\/script>\n<!-- \/ Yoast SEO plugin. -->","yoast_head_json":{"title":"mentions legales coeur couple stage","description":"Les mentions l\u00e9gales du site Le coeur du couple sp\u00e9cialiste de la th\u00e9rapie et accompagnement du couple par le biais de stage.","robots":{"index":"index","follow":"follow","max-snippet":"max-snippet:-1","max-image-preview":"max-image-preview:large","max-video-preview":"max-video-preview:-1"},"canonical":"https:\/\/lecoeurducouple.fr\/index.php\/mentions-legales\/","og_locale":"fr_FR","og_type":"article","og_title":"mentions legales coeur couple stage","og_description":"Les mentions l\u00e9gales du site Le coeur du couple sp\u00e9cialiste de la th\u00e9rapie et accompagnement du couple par le biais de stage.","og_url":"https:\/\/lecoeurducouple.fr\/index.php\/mentions-legales\/","og_site_name":"Le coeur du couple","article_modified_time":"2023-02-03T15:10:36+00:00","twitter_card":"summary_large_image","twitter_misc":{"Dur\u00e9e de lecture estim\u00e9e":"2 minutes"},"schema":{"@context":"https:\/\/schema.org","@graph":[{"@type":"WebPage","@id":"https:\/\/lecoeurducouple.fr\/index.php\/mentions-legales\/","url":"https:\/\/lecoeurducouple.fr\/index.php\/mentions-legales\/","name":"mentions legales coeur couple stage","isPartOf":{"@id":"https:\/\/lecoeurducouple.fr\/#website"},"datePublished":"2023-01-13T10:32:56+00:00","dateModified":"2023-02-03T15:10:36+00:00","description":"Les mentions l\u00e9gales du site Le coeur du couple sp\u00e9cialiste de la th\u00e9rapie et accompagnement du couple par le biais de stage.","breadcrumb":{"@id":"https:\/\/lecoeurducouple.fr\/index.php\/mentions-legales\/#breadcrumb"},"inLanguage":"fr-FR","potentialAction":[{"@type":"ReadAction","target":["https:\/\/lecoeurducouple.fr\/index.php\/mentions-legales\/"]}]},{"@type":"BreadcrumbList","@id":"https:\/\/lecoeurducouple.fr\/index.php\/mentions-legales\/#breadcrumb","itemListElement":[{"@type":"ListItem","position":1,"name":"Accueil","item":"https:\/\/lecoeurducouple.fr\/"},{"@type":"ListItem","position":2,"name":"Mentions l\u00e9gales"}]},{"@type":"WebSite","@id":"https:\/\/lecoeurducouple.fr\/#website","url":"https:\/\/lecoeurducouple.fr\/","name":"Le coeur du couple","description":"","publisher":{"@id":"https:\/\/lecoeurducouple.fr\/#organization"},"potentialAction":[{"@type":"SearchAction","target":{"@type":"EntryPoint","urlTemplate":"https:\/\/lecoeurducouple.fr\/?s={search_term_string}"},"query-input":{"@type":"PropertyValueSpecification","valueRequired":true,"valueName":"search_term_string"}}],"inLanguage":"fr-FR"},{"@type":"Organization","@id":"https:\/\/lecoeurducouple.fr\/#organization","name":"Le coeur du couple","url":"https:\/\/lecoeurducouple.fr\/","logo":{"@type":"ImageObject","inLanguage":"fr-FR","@id":"https:\/\/lecoeurducouple.fr\/#\/schema\/logo\/image\/","url":"https:\/\/lecoeurducouple.fr\/wp-content\/uploads\/2023\/01\/Fichier-2.png","contentUrl":"https:\/\/lecoeurducouple.fr\/wp-content\/uploads\/2023\/01\/Fichier-2.png","width":1055,"height":1298,"caption":"Le coeur du couple"},"image":{"@id":"https:\/\/lecoeurducouple.fr\/#\/schema\/logo\/image\/"}}]}},"_links":{"self":[{"href":"https:\/\/lecoeurducouple.fr\/index.php\/wp-json\/wp\/v2\/pages\/240","targetHints":{"allow":["GET"]}}],"collection":[{"href":"https:\/\/lecoeurducouple.fr\/index.php\/wp-json\/wp\/v2\/pages"}],"about":[{"href":"https:\/\/lecoeurducouple.fr\/index.php\/wp-json\/wp\/v2\/types\/page"}],"author":[{"embeddable":true,"href":"https:\/\/lecoeurducouple.fr\/index.php\/wp-json\/wp\/v2\/users\/1"}],"replies":[{"embeddable":true,"href":"https:\/\/lecoeurducouple.fr\/index.php\/wp-json\/wp\/v2\/comments?post=240"}],"version-history":[{"count":0,"href":"https:\/\/lecoeurducouple.fr\/index.php\/wp-json\/wp\/v2\/pages\/240\/revisions"}],"wp:attachment":[{"href":"https:\/\/lecoeurducouple.fr\/index.php\/wp-json\/wp\/v2\/media?parent=240"}],"curies":[{"name":"wp","href":"https:\/\/api.w.org\/{rel}","templated":true}]}}