{"id":632,"date":"2023-01-19T17:17:53","date_gmt":"2023-01-19T16:17:53","guid":{"rendered":"https:\/\/aucoeurducouple.com\/?page_id=632"},"modified":"2026-03-20T17:48:27","modified_gmt":"2026-03-20T16:48:27","slug":"sabine","status":"publish","type":"page","link":"https:\/\/lecoeurducouple.fr\/index.php\/sabine\/","title":{"rendered":"Sandrine"},"content":{"rendered":"\t\t<div data-elementor-type=\"wp-page\" data-elementor-id=\"632\" class=\"elementor elementor-632\">\n\t\t\t\t\t\t<section class=\"elementor-section elementor-top-section elementor-element elementor-element-730ead2 elementor-section-boxed elementor-section-height-default elementor-section-height-default\" data-id=\"730ead2\" data-element_type=\"section\" data-e-type=\"section\" data-settings=\"{&quot;background_background&quot;:&quot;classic&quot;}\">\n\t\t\t\t\t\t<div class=\"elementor-container elementor-column-gap-default\">\n\t\t\t\t\t<div class=\"elementor-column elementor-col-100 elementor-top-column elementor-element elementor-element-50502f5\" data-id=\"50502f5\" data-element_type=\"column\" data-e-type=\"column\">\n\t\t\t<div class=\"elementor-widget-wrap elementor-element-populated\">\n\t\t\t\t\t\t<div class=\"elementor-element elementor-element-1c15795 elementor-widget elementor-widget-spacer\" data-id=\"1c15795\" data-element_type=\"widget\" data-e-type=\"widget\" data-widget_type=\"spacer.default\">\n\t\t\t\t<div class=\"elementor-widget-container\">\n\t\t\t\t\t\t\t<div class=\"elementor-spacer\">\n\t\t\t<div class=\"elementor-spacer-inner\"><\/div>\n\t\t<\/div>\n\t\t\t\t\t\t<\/div>\n\t\t\t\t<\/div>\n\t\t\t\t<div class=\"elementor-element elementor-element-3692acc elementor-widget elementor-widget-heading\" data-id=\"3692acc\" data-element_type=\"widget\" data-e-type=\"widget\" data-widget_type=\"heading.default\">\n\t\t\t\t<div class=\"elementor-widget-container\">\n\t\t\t\t\t<h2 class=\"elementor-heading-title elementor-size-default\">Sandrine<\/h2>\t\t\t\t<\/div>\n\t\t\t\t<\/div>\n\t\t\t\t\t<\/div>\n\t\t<\/div>\n\t\t\t\t\t<\/div>\n\t\t<\/section>\n\t\t\t\t<section class=\"elementor-section elementor-top-section elementor-element elementor-element-8c772ae elementor-section-boxed elementor-section-height-default elementor-section-height-default\" data-id=\"8c772ae\" data-element_type=\"section\" data-e-type=\"section\" data-settings=\"{&quot;background_background&quot;:&quot;classic&quot;}\">\n\t\t\t\t\t\t<div class=\"elementor-container elementor-column-gap-default\">\n\t\t\t\t\t<div class=\"elementor-column elementor-col-66 elementor-top-column elementor-element elementor-element-f68dadd\" data-id=\"f68dadd\" data-element_type=\"column\" data-e-type=\"column\">\n\t\t\t<div class=\"elementor-widget-wrap elementor-element-populated\">\n\t\t\t\t\t\t<div class=\"elementor-element elementor-element-38fefc9 elementor-widget elementor-widget-spacer\" data-id=\"38fefc9\" data-element_type=\"widget\" data-e-type=\"widget\" data-widget_type=\"spacer.default\">\n\t\t\t\t<div class=\"elementor-widget-container\">\n\t\t\t\t\t\t\t<div class=\"elementor-spacer\">\n\t\t\t<div class=\"elementor-spacer-inner\"><\/div>\n\t\t<\/div>\n\t\t\t\t\t\t<\/div>\n\t\t\t\t<\/div>\n\t\t\t\t<div class=\"elementor-element elementor-element-62c558b elementor-widget elementor-widget-text-editor\" data-id=\"62c558b\" data-element_type=\"widget\" data-e-type=\"widget\" data-widget_type=\"text-editor.default\">\n\t\t\t\t<div class=\"elementor-widget-container\">\n\t\t\t\t\t\t\t\t\t<p>\u00a0<\/p><h6><span style=\"color: #ffffff;\">Dans mon enfance, j&rsquo;\u00e9tais une petite fille qui vivait entre deux mondes. Celui des humains m&rsquo;intriguait sans vraiment m&rsquo;appartenir, je les observais de loin, fascin\u00e9e par leurs liens complexes, leurs non-dits, leurs contradictions. Je me sentais bien plus \u00e0 l&rsquo;aise dans le silence de la nature, \u00e0 l&rsquo;\u00e9coute des arbres, des animaux, de tout ce qui respirait sans avoir besoin de l&rsquo;expliquer. Ce d\u00e9calage m&rsquo;a accompagn\u00e9e longtemps, comme une blessure que je ne savais pas encore nommer.<\/span><br \/><br \/><span style=\"color: #ffffff;\">Aujourd&rsquo;hui, apr\u00e8s vingt ans d&rsquo;accompagnement individuel, familial et de couples, je r\u00e9alise que ce d\u00e9calage \u00e9tait en r\u00e9alit\u00e9 mon plus grand atout, une capacit\u00e9 d&rsquo;observation et de pr\u00e9sence que les ann\u00e9es ont affin\u00e9e.<\/span><br \/><br \/><span style=\"color: #ffffff;\">\u00c0 partir de 2008, une s\u00e9rie de rencontres d\u00e9cisives, en psychologie des profondeurs, en approches somatiques et en neurosciences affectives, transform\u00e8rent en profondeur ma fa\u00e7on d&rsquo;\u00eatre et d&rsquo;accompagner. J&rsquo;explorai le travail sur le corps, le mouvement, les approches transg\u00e9n\u00e9rationnelles et familiales. Je fis de longues retraites de silence. Peu \u00e0 peu, je passai de l&rsquo;analyse \u00e0 la pr\u00e9sence, de la compr\u00e9hension \u00e0 la perception, de l&#8217;empathie \u00e0 la compassion, tout en gardant les pieds solidement ancr\u00e9s dans le r\u00e9el.<\/span><br \/><br \/><span style=\"color: #ffffff;\">J&rsquo;accompagne aujourd&rsquo;hui tout individu qui le souhaite, \u00a0femmes, hommes, couples, familles, avec une approche humaniste, int\u00e9grative et pragmatique. Mon objectif est simple : vous donner des outils concrets pour vous autonomiser, vous responsabiliser, et retrouver cette coh\u00e9rence entre corps, c\u0153ur et esprit dont nous avons tous besoin pour avancer avec lucidit\u00e9.<\/span><br \/><br \/><span style=\"color: #ffffff;\">Ma rencontre avec Christophe fut une r\u00e9v\u00e9lation sur le plan professionnel. Nos exp\u00e9riences et nos outils se compl\u00e8tent naturellement, sa structure et mon intuition, sa rigueur et ma fluidit\u00e9. Vous retrouverez dans nos accompagnements ce subtil \u00e9quilibre qui nous repr\u00e9sente : entre th\u00e9orie et pratique, profondeur et l\u00e9g\u00e8ret\u00e9, exigence et bienveillance.<\/span><\/h6>\t\t\t\t\t\t\t\t<\/div>\n\t\t\t\t<\/div>\n\t\t\t\t\t<\/div>\n\t\t<\/div>\n\t\t\t\t<div class=\"elementor-column elementor-col-33 elementor-top-column elementor-element elementor-element-ec13a48\" data-id=\"ec13a48\" data-element_type=\"column\" data-e-type=\"column\">\n\t\t\t<div class=\"elementor-widget-wrap elementor-element-populated\">\n\t\t\t\t\t\t<div class=\"elementor-element elementor-element-de324a4 elementor-widget elementor-widget-image\" data-id=\"de324a4\" data-element_type=\"widget\" data-e-type=\"widget\" data-widget_type=\"image.default\">\n\t\t\t\t<div class=\"elementor-widget-container\">\n\t\t\t\t\t\t\t\t\t\t\t\t\t\t\t<img fetchpriority=\"high\" decoding=\"async\" width=\"862\" height=\"1024\" src=\"https:\/\/lecoeurducouple.fr\/wp-content\/uploads\/2026\/03\/pexels-krivitskiy-5806863-862x1024.jpg\" class=\"attachment-large size-large wp-image-2866\" alt=\"\" srcset=\"https:\/\/lecoeurducouple.fr\/wp-content\/uploads\/2026\/03\/pexels-krivitskiy-5806863-862x1024.jpg 862w, https:\/\/lecoeurducouple.fr\/wp-content\/uploads\/2026\/03\/pexels-krivitskiy-5806863-253x300.jpg 253w, https:\/\/lecoeurducouple.fr\/wp-content\/uploads\/2026\/03\/pexels-krivitskiy-5806863-768x912.jpg 768w, https:\/\/lecoeurducouple.fr\/wp-content\/uploads\/2026\/03\/pexels-krivitskiy-5806863-1293x1536.jpg 1293w, https:\/\/lecoeurducouple.fr\/wp-content\/uploads\/2026\/03\/pexels-krivitskiy-5806863-1724x2048.jpg 1724w, https:\/\/lecoeurducouple.fr\/wp-content\/uploads\/2026\/03\/pexels-krivitskiy-5806863-1140x1354.jpg 1140w\" sizes=\"(max-width: 862px) 100vw, 862px\" \/>\t\t\t\t\t\t\t\t\t\t\t\t\t\t\t<\/div>\n\t\t\t\t<\/div>\n\t\t\t\t\t<\/div>\n\t\t<\/div>\n\t\t\t\t\t<\/div>\n\t\t<\/section>\n\t\t\t\t<section class=\"elementor-section elementor-top-section elementor-element elementor-element-1f80c00 elementor-section-boxed elementor-section-height-default elementor-section-height-default\" data-id=\"1f80c00\" data-element_type=\"section\" data-e-type=\"section\" data-settings=\"{&quot;background_background&quot;:&quot;classic&quot;}\">\n\t\t\t\t\t\t<div class=\"elementor-container elementor-column-gap-default\">\n\t\t\t\t\t<div class=\"elementor-column elementor-col-100 elementor-top-column elementor-element elementor-element-ca6da5e\" data-id=\"ca6da5e\" data-element_type=\"column\" data-e-type=\"column\">\n\t\t\t<div class=\"elementor-widget-wrap elementor-element-populated\">\n\t\t\t\t\t\t<div class=\"elementor-element elementor-element-7fa48d6 elementor-widget elementor-widget-spacer\" data-id=\"7fa48d6\" data-element_type=\"widget\" data-e-type=\"widget\" data-widget_type=\"spacer.default\">\n\t\t\t\t<div class=\"elementor-widget-container\">\n\t\t\t\t\t\t\t<div class=\"elementor-spacer\">\n\t\t\t<div class=\"elementor-spacer-inner\"><\/div>\n\t\t<\/div>\n\t\t\t\t\t\t<\/div>\n\t\t\t\t<\/div>\n\t\t\t\t\t<\/div>\n\t\t<\/div>\n\t\t\t\t\t<\/div>\n\t\t<\/section>\n\t\t\t\t<section class=\"elementor-section elementor-top-section elementor-element elementor-element-41de5ec elementor-section-boxed elementor-section-height-default elementor-section-height-default\" data-id=\"41de5ec\" data-element_type=\"section\" data-e-type=\"section\" data-settings=\"{&quot;background_background&quot;:&quot;classic&quot;}\">\n\t\t\t\t\t\t<div class=\"elementor-container elementor-column-gap-default\">\n\t\t\t\t\t<div class=\"elementor-column elementor-col-100 elementor-top-column elementor-element elementor-element-e5bff13\" data-id=\"e5bff13\" data-element_type=\"column\" data-e-type=\"column\">\n\t\t\t<div class=\"elementor-widget-wrap elementor-element-populated\">\n\t\t\t\t\t\t<div class=\"elementor-element elementor-element-49c471a elementor-widget elementor-widget-spacer\" data-id=\"49c471a\" data-element_type=\"widget\" data-e-type=\"widget\" data-widget_type=\"spacer.default\">\n\t\t\t\t<div class=\"elementor-widget-container\">\n\t\t\t\t\t\t\t<div class=\"elementor-spacer\">\n\t\t\t<div class=\"elementor-spacer-inner\"><\/div>\n\t\t<\/div>\n\t\t\t\t\t\t<\/div>\n\t\t\t\t<\/div>\n\t\t\t\t<div class=\"elementor-element elementor-element-0a4a533 elementor-widget elementor-widget-spacer\" data-id=\"0a4a533\" data-element_type=\"widget\" data-e-type=\"widget\" data-widget_type=\"spacer.default\">\n\t\t\t\t<div class=\"elementor-widget-container\">\n\t\t\t\t\t\t\t<div class=\"elementor-spacer\">\n\t\t\t<div class=\"elementor-spacer-inner\"><\/div>\n\t\t<\/div>\n\t\t\t\t\t\t<\/div>\n\t\t\t\t<\/div>\n\t\t\t\t\t<\/div>\n\t\t<\/div>\n\t\t\t\t\t<\/div>\n\t\t<\/section>\n\t\t\t\t<\/div>\n\t\t","protected":false},"excerpt":{"rendered":"<p>Sandrine \u00a0 Dans mon enfance, j&rsquo;\u00e9tais une petite fille qui vivait entre deux mondes. Celui des humains m&rsquo;intriguait sans vraiment m&rsquo;appartenir, je les observais de loin, fascin\u00e9e par leurs liens complexes, leurs non-dits, leurs contradictions. Je me sentais bien plus \u00e0 l&rsquo;aise dans le silence de la nature, \u00e0 l&rsquo;\u00e9coute des arbres, des animaux, de tout ce qui respirait sans avoir besoin de l&rsquo;expliquer. Ce d\u00e9calage m&rsquo;a accompagn\u00e9e longtemps, comme une blessure que je ne savais pas encore nommer. Aujourd&rsquo;hui, apr\u00e8s vingt ans d&rsquo;accompagnement individuel, familial et de couples, je r\u00e9alise que ce d\u00e9calage \u00e9tait en r\u00e9alit\u00e9 mon plus grand atout, une capacit\u00e9 d&rsquo;observation et de pr\u00e9sence que les ann\u00e9es ont affin\u00e9e. \u00c0 partir de 2008, une s\u00e9rie de rencontres d\u00e9cisives, en psychologie des profondeurs, en approches somatiques et en neurosciences affectives, transform\u00e8rent en profondeur ma fa\u00e7on d&rsquo;\u00eatre et d&rsquo;accompagner. J&rsquo;explorai le travail sur le corps, le mouvement, les approches transg\u00e9n\u00e9rationnelles et familiales. Je fis de longues retraites de silence. Peu \u00e0 peu, je passai de l&rsquo;analyse \u00e0 la pr\u00e9sence, de la compr\u00e9hension \u00e0 la perception, de l&#8217;empathie \u00e0 la compassion, tout en gardant les pieds solidement ancr\u00e9s dans le r\u00e9el. J&rsquo;accompagne aujourd&rsquo;hui tout individu qui le souhaite, \u00a0femmes, hommes, couples, familles, avec une approche humaniste, int\u00e9grative et pragmatique. Mon objectif est simple : vous donner des outils concrets pour vous autonomiser, vous responsabiliser, et retrouver cette coh\u00e9rence entre corps, c\u0153ur et esprit dont nous avons tous besoin pour avancer avec lucidit\u00e9. Ma rencontre avec Christophe fut une r\u00e9v\u00e9lation sur le plan professionnel. Nos exp\u00e9riences et nos outils se compl\u00e8tent naturellement, sa structure et mon intuition, sa rigueur et ma fluidit\u00e9. Vous retrouverez dans nos accompagnements ce subtil \u00e9quilibre qui nous repr\u00e9sente : entre th\u00e9orie et pratique, profondeur et l\u00e9g\u00e8ret\u00e9, exigence et bienveillance.<\/p>\n","protected":false},"author":1,"featured_media":0,"parent":0,"menu_order":0,"comment_status":"closed","ping_status":"closed","template":"elementor_header_footer","meta":{"footnotes":""},"class_list":["post-632","page","type-page","status-publish","hentry"],"yoast_head":"<!-- This site is optimized with the Yoast SEO plugin v27.6 - https:\/\/yoast.com\/product\/yoast-seo-wordpress\/ -->\n<title>Sabine le coeur du couple therapie stage<\/title>\n<meta name=\"description\" content=\"D\u00e9couvrez le profil et l&#039;histoire de Sabine partenaire le coeur du couple sp\u00e9cialiste de la therapie et animateur des stages\" \/>\n<meta name=\"robots\" content=\"index, follow, max-snippet:-1, max-image-preview:large, max-video-preview:-1\" \/>\n<link rel=\"canonical\" href=\"https:\/\/lecoeurducouple.fr\/index.php\/sabine\/\" \/>\n<meta property=\"og:locale\" content=\"fr_FR\" \/>\n<meta property=\"og:type\" content=\"article\" \/>\n<meta property=\"og:title\" content=\"Sabine le coeur du couple therapie stage\" \/>\n<meta property=\"og:description\" content=\"D\u00e9couvrez le profil et l&#039;histoire de Sabine partenaire le coeur du couple sp\u00e9cialiste de la therapie et animateur des stages\" \/>\n<meta property=\"og:url\" content=\"https:\/\/lecoeurducouple.fr\/index.php\/sabine\/\" \/>\n<meta property=\"og:site_name\" content=\"Le coeur du couple\" \/>\n<meta property=\"article:modified_time\" content=\"2026-03-20T16:48:27+00:00\" \/>\n<meta property=\"og:image\" content=\"https:\/\/lecoeurducouple.fr\/wp-content\/uploads\/2026\/03\/pexels-krivitskiy-5806863-862x1024.jpg\" \/>\n<meta name=\"twitter:card\" content=\"summary_large_image\" \/>\n<meta name=\"twitter:label1\" content=\"Dur\u00e9e de lecture estim\u00e9e\" \/>\n\t<meta name=\"twitter:data1\" content=\"2 minutes\" \/>\n<script type=\"application\/ld+json\" class=\"yoast-schema-graph\">{\"@context\":\"https:\\\/\\\/schema.org\",\"@graph\":[{\"@type\":\"WebPage\",\"@id\":\"https:\\\/\\\/lecoeurducouple.fr\\\/index.php\\\/sabine\\\/\",\"url\":\"https:\\\/\\\/lecoeurducouple.fr\\\/index.php\\\/sabine\\\/\",\"name\":\"Sabine le coeur du couple therapie stage\",\"isPartOf\":{\"@id\":\"https:\\\/\\\/lecoeurducouple.fr\\\/#website\"},\"primaryImageOfPage\":{\"@id\":\"https:\\\/\\\/lecoeurducouple.fr\\\/index.php\\\/sabine\\\/#primaryimage\"},\"image\":{\"@id\":\"https:\\\/\\\/lecoeurducouple.fr\\\/index.php\\\/sabine\\\/#primaryimage\"},\"thumbnailUrl\":\"https:\\\/\\\/lecoeurducouple.fr\\\/wp-content\\\/uploads\\\/2026\\\/03\\\/pexels-krivitskiy-5806863-862x1024.jpg\",\"datePublished\":\"2023-01-19T16:17:53+00:00\",\"dateModified\":\"2026-03-20T16:48:27+00:00\",\"description\":\"D\u00e9couvrez le profil et l'histoire de Sabine partenaire le coeur du couple sp\u00e9cialiste de la therapie et animateur des stages\",\"breadcrumb\":{\"@id\":\"https:\\\/\\\/lecoeurducouple.fr\\\/index.php\\\/sabine\\\/#breadcrumb\"},\"inLanguage\":\"fr-FR\",\"potentialAction\":[{\"@type\":\"ReadAction\",\"target\":[\"https:\\\/\\\/lecoeurducouple.fr\\\/index.php\\\/sabine\\\/\"]}]},{\"@type\":\"ImageObject\",\"inLanguage\":\"fr-FR\",\"@id\":\"https:\\\/\\\/lecoeurducouple.fr\\\/index.php\\\/sabine\\\/#primaryimage\",\"url\":\"https:\\\/\\\/lecoeurducouple.fr\\\/wp-content\\\/uploads\\\/2026\\\/03\\\/pexels-krivitskiy-5806863-scaled.jpg\",\"contentUrl\":\"https:\\\/\\\/lecoeurducouple.fr\\\/wp-content\\\/uploads\\\/2026\\\/03\\\/pexels-krivitskiy-5806863-scaled.jpg\",\"width\":2155,\"height\":2560},{\"@type\":\"BreadcrumbList\",\"@id\":\"https:\\\/\\\/lecoeurducouple.fr\\\/index.php\\\/sabine\\\/#breadcrumb\",\"itemListElement\":[{\"@type\":\"ListItem\",\"position\":1,\"name\":\"Accueil\",\"item\":\"https:\\\/\\\/lecoeurducouple.fr\\\/\"},{\"@type\":\"ListItem\",\"position\":2,\"name\":\"Sandrine\"}]},{\"@type\":\"WebSite\",\"@id\":\"https:\\\/\\\/lecoeurducouple.fr\\\/#website\",\"url\":\"https:\\\/\\\/lecoeurducouple.fr\\\/\",\"name\":\"Le coeur du couple\",\"description\":\"\",\"publisher\":{\"@id\":\"https:\\\/\\\/lecoeurducouple.fr\\\/#organization\"},\"potentialAction\":[{\"@type\":\"SearchAction\",\"target\":{\"@type\":\"EntryPoint\",\"urlTemplate\":\"https:\\\/\\\/lecoeurducouple.fr\\\/?s={search_term_string}\"},\"query-input\":{\"@type\":\"PropertyValueSpecification\",\"valueRequired\":true,\"valueName\":\"search_term_string\"}}],\"inLanguage\":\"fr-FR\"},{\"@type\":\"Organization\",\"@id\":\"https:\\\/\\\/lecoeurducouple.fr\\\/#organization\",\"name\":\"Le coeur du couple\",\"url\":\"https:\\\/\\\/lecoeurducouple.fr\\\/\",\"logo\":{\"@type\":\"ImageObject\",\"inLanguage\":\"fr-FR\",\"@id\":\"https:\\\/\\\/lecoeurducouple.fr\\\/#\\\/schema\\\/logo\\\/image\\\/\",\"url\":\"https:\\\/\\\/lecoeurducouple.fr\\\/wp-content\\\/uploads\\\/2023\\\/01\\\/Fichier-2.png\",\"contentUrl\":\"https:\\\/\\\/lecoeurducouple.fr\\\/wp-content\\\/uploads\\\/2023\\\/01\\\/Fichier-2.png\",\"width\":1055,\"height\":1298,\"caption\":\"Le coeur du couple\"},\"image\":{\"@id\":\"https:\\\/\\\/lecoeurducouple.fr\\\/#\\\/schema\\\/logo\\\/image\\\/\"}}]}<\/script>\n<!-- \/ Yoast SEO plugin. -->","yoast_head_json":{"title":"Sabine le coeur du couple therapie stage","description":"D\u00e9couvrez le profil et l'histoire de Sabine partenaire le coeur du couple sp\u00e9cialiste de la therapie et animateur des stages","robots":{"index":"index","follow":"follow","max-snippet":"max-snippet:-1","max-image-preview":"max-image-preview:large","max-video-preview":"max-video-preview:-1"},"canonical":"https:\/\/lecoeurducouple.fr\/index.php\/sabine\/","og_locale":"fr_FR","og_type":"article","og_title":"Sabine le coeur du couple therapie stage","og_description":"D\u00e9couvrez le profil et l'histoire de Sabine partenaire le coeur du couple sp\u00e9cialiste de la therapie et animateur des stages","og_url":"https:\/\/lecoeurducouple.fr\/index.php\/sabine\/","og_site_name":"Le coeur du couple","article_modified_time":"2026-03-20T16:48:27+00:00","og_image":[{"url":"https:\/\/lecoeurducouple.fr\/wp-content\/uploads\/2026\/03\/pexels-krivitskiy-5806863-862x1024.jpg","type":"","width":"","height":""}],"twitter_card":"summary_large_image","twitter_misc":{"Dur\u00e9e de lecture estim\u00e9e":"2 minutes"},"schema":{"@context":"https:\/\/schema.org","@graph":[{"@type":"WebPage","@id":"https:\/\/lecoeurducouple.fr\/index.php\/sabine\/","url":"https:\/\/lecoeurducouple.fr\/index.php\/sabine\/","name":"Sabine le coeur du couple therapie stage","isPartOf":{"@id":"https:\/\/lecoeurducouple.fr\/#website"},"primaryImageOfPage":{"@id":"https:\/\/lecoeurducouple.fr\/index.php\/sabine\/#primaryimage"},"image":{"@id":"https:\/\/lecoeurducouple.fr\/index.php\/sabine\/#primaryimage"},"thumbnailUrl":"https:\/\/lecoeurducouple.fr\/wp-content\/uploads\/2026\/03\/pexels-krivitskiy-5806863-862x1024.jpg","datePublished":"2023-01-19T16:17:53+00:00","dateModified":"2026-03-20T16:48:27+00:00","description":"D\u00e9couvrez le profil et l'histoire de Sabine partenaire le coeur du couple sp\u00e9cialiste de la therapie et animateur des stages","breadcrumb":{"@id":"https:\/\/lecoeurducouple.fr\/index.php\/sabine\/#breadcrumb"},"inLanguage":"fr-FR","potentialAction":[{"@type":"ReadAction","target":["https:\/\/lecoeurducouple.fr\/index.php\/sabine\/"]}]},{"@type":"ImageObject","inLanguage":"fr-FR","@id":"https:\/\/lecoeurducouple.fr\/index.php\/sabine\/#primaryimage","url":"https:\/\/lecoeurducouple.fr\/wp-content\/uploads\/2026\/03\/pexels-krivitskiy-5806863-scaled.jpg","contentUrl":"https:\/\/lecoeurducouple.fr\/wp-content\/uploads\/2026\/03\/pexels-krivitskiy-5806863-scaled.jpg","width":2155,"height":2560},{"@type":"BreadcrumbList","@id":"https:\/\/lecoeurducouple.fr\/index.php\/sabine\/#breadcrumb","itemListElement":[{"@type":"ListItem","position":1,"name":"Accueil","item":"https:\/\/lecoeurducouple.fr\/"},{"@type":"ListItem","position":2,"name":"Sandrine"}]},{"@type":"WebSite","@id":"https:\/\/lecoeurducouple.fr\/#website","url":"https:\/\/lecoeurducouple.fr\/","name":"Le coeur du couple","description":"","publisher":{"@id":"https:\/\/lecoeurducouple.fr\/#organization"},"potentialAction":[{"@type":"SearchAction","target":{"@type":"EntryPoint","urlTemplate":"https:\/\/lecoeurducouple.fr\/?s={search_term_string}"},"query-input":{"@type":"PropertyValueSpecification","valueRequired":true,"valueName":"search_term_string"}}],"inLanguage":"fr-FR"},{"@type":"Organization","@id":"https:\/\/lecoeurducouple.fr\/#organization","name":"Le coeur du couple","url":"https:\/\/lecoeurducouple.fr\/","logo":{"@type":"ImageObject","inLanguage":"fr-FR","@id":"https:\/\/lecoeurducouple.fr\/#\/schema\/logo\/image\/","url":"https:\/\/lecoeurducouple.fr\/wp-content\/uploads\/2023\/01\/Fichier-2.png","contentUrl":"https:\/\/lecoeurducouple.fr\/wp-content\/uploads\/2023\/01\/Fichier-2.png","width":1055,"height":1298,"caption":"Le coeur du couple"},"image":{"@id":"https:\/\/lecoeurducouple.fr\/#\/schema\/logo\/image\/"}}]}},"_links":{"self":[{"href":"https:\/\/lecoeurducouple.fr\/index.php\/wp-json\/wp\/v2\/pages\/632","targetHints":{"allow":["GET"]}}],"collection":[{"href":"https:\/\/lecoeurducouple.fr\/index.php\/wp-json\/wp\/v2\/pages"}],"about":[{"href":"https:\/\/lecoeurducouple.fr\/index.php\/wp-json\/wp\/v2\/types\/page"}],"author":[{"embeddable":true,"href":"https:\/\/lecoeurducouple.fr\/index.php\/wp-json\/wp\/v2\/users\/1"}],"replies":[{"embeddable":true,"href":"https:\/\/lecoeurducouple.fr\/index.php\/wp-json\/wp\/v2\/comments?post=632"}],"version-history":[{"count":17,"href":"https:\/\/lecoeurducouple.fr\/index.php\/wp-json\/wp\/v2\/pages\/632\/revisions"}],"predecessor-version":[{"id":2874,"href":"https:\/\/lecoeurducouple.fr\/index.php\/wp-json\/wp\/v2\/pages\/632\/revisions\/2874"}],"wp:attachment":[{"href":"https:\/\/lecoeurducouple.fr\/index.php\/wp-json\/wp\/v2\/media?parent=632"}],"curies":[{"name":"wp","href":"https:\/\/api.w.org\/{rel}","templated":true}]}}